{"id":3266,"date":"2024-11-14T12:03:05","date_gmt":"2024-11-14T12:03:05","guid":{"rendered":"https:\/\/proffacility.es\/assessorament\/"},"modified":"2025-01-29T14:32:49","modified_gmt":"2025-01-29T14:32:49","slug":"assessorament","status":"publish","type":"page","link":"https:\/\/proffacility.es\/ca\/assessorament\/","title":{"rendered":"Assessorament"},"content":{"rendered":"\t\t<div data-elementor-type=\"wp-page\" data-elementor-id=\"3266\" class=\"elementor elementor-3266 elementor-2669\">\n\t\t\t\t\t\t<div class=\"elementor-section elementor-top-section elementor-element elementor-element-8bb4568 request p-t-xxl p-b-xxl overflow-hidden elementor-section-stretched elementor-section-boxed elementor-section-height-default elementor-section-height-default\" data-id=\"8bb4568\" data-element_type=\"section\" data-settings=\"{&quot;background_background&quot;:&quot;classic&quot;,&quot;stretch_section&quot;:&quot;section-stretched&quot;}\">\r\n\t\t\r\n\t\t\t\t\t\t\t<div class=\"elementor-container elementor-column-gap-default\">\r\n\t\t\t\t\t\t\t\t\t\t\t<div class=\"elementor-column elementor-col-33 elementor-top-column elementor-element elementor-element-9bcdd76 mt-5 w-100\" data-id=\"9bcdd76\" data-element_type=\"column\">\r\n\t\t\t\t\t<div class=\"elementor-widget-wrap elementor-element-populated\">\r\n\t\t\t\t\t\t\t\t<div class=\"elementor-element elementor-element-5454508 m-b-xl elementor-invisible elementor-widget elementor-widget-heading\" data-id=\"5454508\" data-element_type=\"widget\" data-settings=\"{&quot;_animation&quot;:&quot;fadeInUp&quot;,&quot;_animation_delay&quot;:1100}\" data-widget_type=\"heading.default\">\n\t\t\t\t<div class=\"elementor-widget-container\">\n\t\t\t\t\t<h2 class=\"elementor-heading-title elementor-size-default\">Sol\u00b7liciteu <span class=\"position-relative p-1 custom-highlight-1 font-weight-extra-bold\">Assessorament<\/span><\/h2>\t\t\t\t<\/div>\n\t\t\t\t<\/div>\n\t\t\t\t<div class=\"elementor-element elementor-element-db20c82 elementor-absolute svg opacity-2 elementor-widget__width-initial e-transform elementor-view-default elementor-widget elementor-widget-icon\" data-id=\"db20c82\" data-element_type=\"widget\" data-settings=\"{&quot;_position&quot;:&quot;absolute&quot;,&quot;_transform_rotateZ_effect&quot;:{&quot;unit&quot;:&quot;px&quot;,&quot;size&quot;:89.9,&quot;sizes&quot;:[]},&quot;_transform_rotateZ_effect_tablet&quot;:{&quot;unit&quot;:&quot;deg&quot;,&quot;size&quot;:&quot;&quot;,&quot;sizes&quot;:[]},&quot;_transform_rotateZ_effect_mobile&quot;:{&quot;unit&quot;:&quot;deg&quot;,&quot;size&quot;:&quot;&quot;,&quot;sizes&quot;:[]}}\" data-widget_type=\"icon.default\">\n\t\t\t\t<div class=\"elementor-widget-container\">\n\t\t\t\t\t\t\t<div class=\"elementor-icon-wrapper\">\n\t\t\t<div class=\"elementor-icon\">\n\t\t\t<svg xmlns=\"http:\/\/www.w3.org\/2000\/svg\" xmlns:xlink=\"http:\/\/www.w3.org\/1999\/xlink\" class=\"d-none d-lg-block\" x=\"0px\" y=\"0px\" viewBox=\"0 0 1686.88 1095.86\" data-appear-animation-svg=\"true\"><path class=\"appear-animation animated customLines1anim appear-animation-visible\" data-plugin-options=\"{'accY': -500, 'forceAnimation': true}\" data-appear-animation=\"customLines1anim\" data-appear-animation-delay=\"100\" data-appear-animation-duration=\"7s\" fill=\"none\" stroke=\"#d8d8d8\" stroke-width=\"2px\" stroke-miterlimit=\"10\" d=\"M87.95,1.4c6.82,9.14,15.53,21.59,24.68,36.94c6.82,11.45,27.18,46.82,42.55,96.51        c22.8,73.68,21.39,136.02,20.51,156c-3.11,70.56-22.16,122.51-36,159.32c-10.88,28.95-11.68,24.38-59.74,125.62        c-43.46,91.53-49.66,109.7-52.85,119.49C6.6,758.14,2.98,804.59,2.16,829.14c-1.49,44.72,4.54,70.82,6.47,78.64        c3.54,14.35,10.42,41.25,29.79,70.47c6.64,10.01,30.84,44.6,76.77,69.11c42.9,22.9,81.52,24.6,110.47,25.87        c45.57,2.01,79.98-6.18,113.02-14.3c30.83-7.58,58.4-18.38,113.53-40c59.55-23.35,66.43-28.58,110.47-43.91        c35.63-12.41,57.67-19.98,89.36-25.7c25.68-4.64,55.3-9.77,94.3-6.3c12.43,1.11,53.97,5.59,102.13,27.74        c32.05,14.74,53.03,30.87,57.53,34.38c24.26,18.91,41.05,38.65,51.91,53.45\" style=\"animation-duration: 7s; animation-delay: 100ms;\"><\/path><path class=\"appear-animation animated customLines1anim appear-animation-visible\" data-plugin-options=\"{'accY': -500, 'forceAnimation': true}\" data-appear-animation=\"customLines1anim\" data-appear-animation-delay=\"100\" data-appear-animation-duration=\"7s\" fill=\"none\" stroke=\"#d8d8d8\" stroke-width=\"2px\" stroke-miterlimit=\"10\" d=\"M119.44,34.42c8.99,12.85,20.33,30.49,31.66,52.43c26.28,50.9,36.35,93.84,39.15,106.55        c3.12,14.2,10.77,52.5,9.53,102.81c-0.28,11.19-2.03,65.48-23.83,133.79c-9.82,30.78-21.07,54.56-43.57,102.13        c-26.78,56.6-29.14,53.79-45.62,90.21c-19.84,43.85-42.56,94.07-48.68,161.02c-2.86,31.34-5.69,66.08,7.49,108.6        c6.03,19.44,20.95,65.45,64,101.11c47.45,39.3,101.05,42.8,133.79,44.94c63.04,4.12,115.57-13.6,165.11-30.3        c5.59-1.89,23.59-8.86,59.57-22.81c100.23-38.85,99.33-40.27,122.21-47.32c41.18-12.69,80.51-24.8,133.11-21.79        c19.83,1.14,63.01,5.65,111.66,28.94c8.19,3.92,50.6,24.68,88.51,64.34c5.66,5.92,10.38,11.39,12.6,13.96        c23.78,27.59,39.5,52.94,49.36,70.81\" style=\"animation-duration: 7s; animation-delay: 100ms;\"><\/path><path class=\"appear-animation animated customLines1anim appear-animation-visible\" data-plugin-options=\"{'accY': -500, 'forceAnimation': true}\" data-appear-animation=\"customLines1anim\" data-appear-animation-delay=\"100\" data-appear-animation-duration=\"7s\" fill=\"none\" stroke=\"#d8d8d8\" stroke-width=\"2px\" stroke-miterlimit=\"10\" d=\"M149.4,68.12c6.57,8.86,14.9,20.95,23.49,35.91c4.29,7.48,19.67,34.89,32.17,73.53        c6.72,20.77,21.93,69.22,20.6,133.28c-1.3,62.06-17.49,108.17-28.94,139.91c-10.84,30.08-24.93,58.75-53.11,116.09        c-20.68,42.08-23.94,45.72-33.7,69.11c-12.01,28.77-26.1,63.09-33.02,108.6c-5.01,32.91-10.64,69.92,1.7,115.4        c5.5,20.27,17.08,60.94,53.45,94.64c42.55,39.43,93.06,45.28,119.49,48.34c54.36,6.29,98.94-6.87,146.04-20.77        c14.56-4.3,31.27-10.58,64.68-23.15c90.64-34.09,94.12-40.57,133.45-51.74c33.81-9.61,71.69-20.37,122.21-16.68        c58.83,4.3,99.83,25.64,107.91,29.96c40.02,21.39,65.7,49.16,77.96,62.64c8.35,9.18,14.84,17.39,19.4,23.49\" style=\"animation-duration: 7s; animation-delay: 100ms;\"><\/path><path class=\"appear-animation animated customLines1anim appear-animation-visible\" data-plugin-options=\"{'accY': -500, 'forceAnimation': true}\" data-appear-animation=\"customLines1anim\" data-appear-animation-delay=\"100\" data-appear-animation-duration=\"7s\" fill=\"none\" stroke=\"#d8d8d8\" stroke-width=\"2px\" stroke-miterlimit=\"10\" d=\"M179.69,101.14c6.75,9.74,13.52,20.4,20.09,32c22.79,40.27,33.1,74.23,35.4,82.04        c5.33,18.08,15.6,58.21,14.64,110.3c-0.24,12.92-1.88,65.03-24.85,127.32c-3.1,8.42-7.74,18.89-17.02,39.83        c-25.65,57.88-36.57,75.11-52.43,110.3c-18.12,40.19-31.28,69.39-39.83,110.64c-7.2,34.73-15.41,74.33-2.38,122.21        c4.55,16.73,14.43,51.38,44.94,82.04c35.67,35.85,78.11,44.69,100.43,49.02c58.53,11.37,107.23-3.46,156.26-18.38        c24.42-7.44,15.93-6.77,86.47-33.7c103.46-39.5,129.97-44.06,142.98-45.96c28.7-4.18,61.65-8.66,103.15,1.02        c7.96,1.86,47.73,11.59,90.21,42.55c30.91,22.53,50.88,47.29,62.64,64.34\" style=\"animation-duration: 7s; animation-delay: 100ms;\"><\/path><path class=\"appear-animation animated customLines1anim appear-animation-visible\" data-plugin-options=\"{'accY': -500, 'forceAnimation': true}\" data-appear-animation=\"customLines1anim\" data-appear-animation-delay=\"100\" data-appear-animation-duration=\"7s\" fill=\"none\" stroke=\"#d8d8d8\" stroke-width=\"2px\" stroke-miterlimit=\"10\" d=\"M208.89,133.57c7.42,9.37,15.01,20.15,22.21,32.43c21.75,37.04,29.38,69.66,33.96,89.87        c4.69,20.73,13.92,63.26,7.4,117.96c-4.84,40.58-16.18,69.74-28.09,100.34c-11.91,30.61-15.38,31.76-42.38,89.11        c-24.66,52.37-36.99,78.56-44.68,105.45c-8.49,29.66-18.6,66.37-13.28,113.36c2.65,23.35,6.06,53.41,27.06,84        c28.75,41.87,70.98,56.35,86.81,61.53c35.79,11.71,65.37,8.99,93.19,6.13c15-1.54,44-5.54,139.91-42.38        c72.26-27.76,81.46-35.35,120.77-43.91c27.26-5.94,54.69-11.68,91.15-8.17c55.63,5.36,93.81,28.56,102.38,33.96        c36.12,22.73,57.57,50.99,66.38,62.81c3.86,5.17,6.88,9.63,8.94,12.77\" style=\"animation-duration: 7s; animation-delay: 100ms;\"><\/path><\/svg>\t\t\t<\/div>\n\t\t<\/div>\n\t\t\t\t\t\t<\/div>\n\t\t\t\t<\/div>\n\t\t\t\t\t<\/div>\r\n\t\t\t\t<\/div>\r\n\t\t\t\t<div class=\"elementor-column elementor-col-33 elementor-top-column elementor-element elementor-element-9cfd7c2 w-lg-50 w-100 mb-5\" data-id=\"9cfd7c2\" data-element_type=\"column\">\r\n\t\t\t\t\t<div class=\"elementor-widget-wrap elementor-element-populated\">\r\n\t\t\t\t\t\t\t\t<div class=\"elementor-element elementor-element-4ef2039 mb-5 elementor-widget__width-initial elementor-widget elementor-widget-porto_ultimate_heading\" data-id=\"4ef2039\" data-element_type=\"widget\" data-widget_type=\"porto_ultimate_heading.default\">\n\t\t\t\t<div class=\"elementor-widget-container\">\n\t\t\t\t\t<div class=\"porto-u-heading  porto-u-ad87e2eaf3f9c495180fe0156ddf3eb0\"><div class=\"porto-u-main-heading\"><h3    style=\"margin-bottom: 16px;\">Descriviu el vostre projecte i us assessorarem de la millor manera basat en les vostres necessitats<\/h3><\/div><div class=\"porto-u-sub-heading\" style=\"\"><p>Comptem amb una \u00e0mplia xarxa de professionals distribu\u00efts estrat\u00e8gicament per poder obtenir un temps d'acci\u00f3 r\u00e0pid i oferir una soluci\u00f3 efectiva.<\/p><\/div><style>.porto-u-ad87e2eaf3f9c495180fe0156ddf3eb0.porto-u-heading{text-align:left}<\/style><\/div>\t\t\t\t<\/div>\n\t\t\t\t<\/div>\n\t\t\t\t<div class=\"elementor-element elementor-element-f1cbd5e mt-4 pt-1 elementor-widget elementor-widget-porto_ultimate_heading\" data-id=\"f1cbd5e\" data-element_type=\"widget\" data-widget_type=\"porto_ultimate_heading.default\">\n\t\t\t\t<div class=\"elementor-widget-container\">\n\t\t\t\t\t<div class=\"porto-u-heading  porto-u-ad87e2eaf3f9c495180fe0156ddf3eb0\"><div class=\"porto-u-main-heading\"><h2    style=\"margin-bottom: 1px;\">SI HO PREFEREIX POT ENVIAR-NOS UN E-MAIL<\/h2><\/div><div class=\"porto-u-sub-heading\" style=\"\"><p><a class=\"text-reset font-size-sm font-weight-bold hover-underline\" href=\"mailto:info@proffacility.es\">info@proffacility.es<\/a><\/p><\/div><style>.porto-u-ad87e2eaf3f9c495180fe0156ddf3eb0.porto-u-heading{text-align:left}<\/style><\/div>\t\t\t\t<\/div>\n\t\t\t\t<\/div>\n\t\t\t\t\t<\/div>\r\n\t\t\t\t<\/div>\r\n\t\t\t\t<div class=\"elementor-column elementor-col-33 elementor-top-column elementor-element elementor-element-67e2c34 w-lg-50 w-100 mb-5\" data-id=\"67e2c34\" data-element_type=\"column\">\r\n\t\t\t\t\t<div class=\"elementor-widget-wrap elementor-element-populated\">\r\n\t\t\t\t\t\t\t\t<div class=\"elementor-element elementor-element-0175092 mb-0 elementor-widget elementor-widget-porto_ultimate_heading\" data-id=\"0175092\" data-element_type=\"widget\" data-widget_type=\"porto_ultimate_heading.default\">\n\t\t\t\t<div class=\"elementor-widget-container\">\n\t\t\t\t\t<div class=\"porto-u-heading  porto-u-ad87e2eaf3f9c495180fe0156ddf3eb0\"><div class=\"porto-u-main-heading\"><h2    style=\"margin-bottom: 14px;\">Formulari de sol\u00b7licitud<\/h2><\/div><div class=\"porto-u-sub-heading\" style=\"\"><p>Cras a elit sit amet leo accumsan volutpat. Suspendisse hendreriast ehicula llegeixo, vel efficitur felis ultris non. <\/p><\/div><style>.porto-u-ad87e2eaf3f9c495180fe0156ddf3eb0.porto-u-heading{text-align:left}<\/style><\/div>\t\t\t\t<\/div>\n\t\t\t\t<\/div>\n\t\t\t\t<div class=\"elementor-element elementor-element-0dc850d elementor-widget elementor-widget-porto_contact_form\" data-id=\"0dc850d\" data-element_type=\"widget\" data-widget_type=\"porto_contact_form.default\">\n\t\t\t\t<div class=\"elementor-widget-container\">\n\t\t\t\t\t\n<div class=\"wpcf7 no-js\" id=\"wpcf7-f1114-o1\" lang=\"es-ES\" dir=\"ltr\" data-wpcf7-id=\"1114\">\n<div class=\"screen-reader-response\"><p role=\"status\" aria-live=\"polite\" aria-atomic=\"true\"><\/p> <ul><\/ul><\/div>\n<form action=\"\/ca\/wp-json\/wp\/v2\/pages\/3266#wpcf7-f1114-o1\" method=\"post\" class=\"wpcf7-form init\" aria-label=\"Formulario de contacto\" novalidate=\"novalidate\" data-status=\"init\">\n<div style=\"display: none;\">\n<input type=\"hidden\" name=\"_wpcf7\" value=\"1114\" \/>\n<input type=\"hidden\" name=\"_wpcf7_version\" value=\"6.0.3\" \/>\n<input type=\"hidden\" name=\"_wpcf7_locale\" value=\"es_ES\" \/>\n<input type=\"hidden\" name=\"_wpcf7_unit_tag\" value=\"wpcf7-f1114-o1\" \/>\n<input type=\"hidden\" name=\"_wpcf7_container_post\" value=\"0\" \/>\n<input type=\"hidden\" name=\"_wpcf7_posted_data_hash\" value=\"\" \/>\n<\/div>\n<div class=\"contact-form-success alert alert-success d-none mt-4\">\n    <strong>Success!<\/strong> Your message has been sent to us.\n<\/div>\n<div class=\"contact-form-error alert alert-danger d-none mt-4\">\n    <strong>Error!<\/strong> There was an error sending your message.\n    <span class=\"mail-error-message text-1 d-block\"><\/span>\n<\/div>\n<div class=\"row\">\n    <div class=\"form-group col-lg-6\">\n        <label class=\"form-label m-b-xs text-2 text-color-dark font-weight-semibold\" for=\"name\">Full Name<\/label>\n        <span class=\"wpcf7-form-control-wrap\" data-name=\"name\"><input size=\"40\" maxlength=\"400\" class=\"wpcf7-form-control wpcf7-text wpcf7-validates-as-required w-100\" id=\"name\" aria-required=\"true\" aria-invalid=\"false\" value=\"\" type=\"text\" name=\"name\" \/><\/span>\n    <\/div>\n    <div class=\"form-group col-lg-6\">\n        <label class=\"form-label m-b-xs text-2 text-color-dark font-weight-semibold \" for=\"email-address\">Email Address<\/label>\n        <span class=\"wpcf7-form-control-wrap\" data-name=\"address\"><input size=\"40\" maxlength=\"400\" class=\"wpcf7-form-control wpcf7-text wpcf7-validates-as-required w-100\" id=\"email-address\" aria-required=\"true\" aria-invalid=\"false\" value=\"\" type=\"text\" name=\"address\" \/><\/span>\n    <\/div><\/div>\n<div class=\"row\">\n    <div class=\"form-group col\">\n        <label class=\"form-label m-b-xs text-2 text-color-dark font-weight-semibold\" for=\"full-address\">Full Address<\/label>\n        <span class=\"wpcf7-form-control-wrap\" data-name=\"address\"><input size=\"40\" maxlength=\"400\" class=\"wpcf7-form-control wpcf7-text wpcf7-validates-as-required w-100\" id=\"full-address\" aria-required=\"true\" aria-invalid=\"false\" value=\"\" type=\"text\" name=\"address\" \/><\/span>\n    <\/div><\/div>\n<div class=\"row\">\n    <div class=\"form-group col-lg-6\">\n        <label class=\"form-label m-b-xs text-2 text-color-dark font-weight-semibold\" for=\"usage\">Monthly Usage in KWh<\/label>\n        <span class=\"wpcf7-form-control-wrap\" data-name=\"usage\"><input size=\"40\" maxlength=\"400\" class=\"wpcf7-form-control wpcf7-text wpcf7-validates-as-required w-100\" id=\"usage\" aria-required=\"true\" aria-invalid=\"false\" value=\"\" type=\"text\" name=\"usage\" \/><\/span>\n    <\/div>\n    <div class=\"form-group col-lg-6\">\n        <label class=\"form-label m-b-xs text-2 text-color-dark font-weight-semibold\" for=\"service-type\">Service Type<\/label>\n        <span class=\"wpcf7-form-control-wrap\" data-name=\"service\"><input size=\"40\" maxlength=\"400\" class=\"wpcf7-form-control wpcf7-text wpcf7-validates-as-required w-100\" id=\"service-type\" aria-required=\"true\" aria-invalid=\"false\" value=\"\" type=\"text\" name=\"service\" \/><\/span>\n    <\/div><\/div>\n<div class=\"row\">\n    <div class=\"form-group col-lg-6\">\n        <label class=\"form-label m-b-xs text-2 text-color-dark font-weight-semibold\" for=\"goals\">Economy Goals<\/label>\n        <span class=\"wpcf7-form-control-wrap\" data-name=\"goals\"><input size=\"40\" maxlength=\"400\" class=\"wpcf7-form-control wpcf7-text wpcf7-validates-as-required w-100\" id=\"goals\" aria-required=\"true\" aria-invalid=\"false\" value=\"\" type=\"text\" name=\"goals\" \/><\/span>\n    <\/div>\n    <div class=\"form-group col-lg-6\">\n        <label class=\"form-label m-b-xs text-2 text-color-dark font-weight-semibold\" for=\"budget\">Budget<\/label>\n        <span class=\"wpcf7-form-control-wrap\" data-name=\"budget\"><input size=\"40\" maxlength=\"400\" class=\"wpcf7-form-control wpcf7-text wpcf7-validates-as-required w-100\" id=\"budget\" aria-required=\"true\" aria-invalid=\"false\" value=\"\" type=\"text\" name=\"budget\" \/><\/span>\n    <\/div><\/div>\n<div class=\"row\">\n    <div class=\"col\">\n        <p class=\"opacity-7 text-2 font-weight-medium\">* Suspendisse hendreriast ehicula leo, vel efficitur felis ultrices non.<\/p><\/div><\/div>\n<div class=\"row\">\n    <div class=\"form-group col\">\n        <input class=\"wpcf7-form-control wpcf7-submit has-spinner btn btn-primary btn-submit btn-modern border-0 font-weight-bold\" type=\"submit\" value=\"Submit Form\" \/>\n    <\/div><\/div><p style=\"display: none !important;\" class=\"akismet-fields-container\" data-prefix=\"_wpcf7_ak_\"><label>&#916;<textarea name=\"_wpcf7_ak_hp_textarea\" cols=\"45\" rows=\"8\" maxlength=\"100\"><\/textarea><\/label><input type=\"hidden\" id=\"ak_js_1\" name=\"_wpcf7_ak_js\" value=\"106\"\/><script>document.getElementById( \"ak_js_1\" ).setAttribute( \"value\", ( new Date() ).getTime() );<\/script><\/p><div class=\"wpcf7-response-output\" aria-hidden=\"true\"><\/div>\n<\/form>\n<\/div>\n\t\t\t\t<\/div>\n\t\t\t\t<\/div>\n\t\t\t\t\t<\/div>\r\n\t\t\t\t<\/div>\r\n\t\t\t\t\t<\/div>\r\n\t\t\t\t<\/div>\r\n\t\t\t\t<\/div>\n\t\t","protected":false},"excerpt":{"rendered":"<p>Sol\u00b7liciteu Assessorament Descriviu el vostre projecte i us assessorarem de la millor manera basat en les vostres necessitats Comptem amb una \u00e0mplia xarxa de professionals distribu\u00efts estrat\u00e8gicament per poder obtenir un temps d&#8217;acci\u00f3 r\u00e0pid i oferir una soluci\u00f3 efectiva. SI HO PREFEREIX POT ENVIAR-NOS UN E-MAIL info@proffacility.es Formulari de sol\u00b7licitud Cras a elit sit amet [&hellip;]<\/p>\n","protected":false},"author":1,"featured_media":0,"parent":0,"menu_order":0,"comment_status":"closed","ping_status":"closed","template":"","meta":{"footnotes":""},"class_list":["post-3266","page","type-page","status-publish","hentry"],"yoast_head":"<!-- This site is optimized with the Yoast SEO plugin v24.3 - https:\/\/yoast.com\/wordpress\/plugins\/seo\/ -->\n<title>Assessorament - Prof Facility<\/title>\n<meta name=\"robots\" content=\"index, follow, max-snippet:-1, max-image-preview:large, max-video-preview:-1\" \/>\n<link rel=\"canonical\" href=\"https:\/\/proffacility.es\/ca\/assessorament\/\" \/>\n<meta property=\"og:locale\" content=\"ca_ES\" \/>\n<meta property=\"og:type\" content=\"article\" \/>\n<meta property=\"og:title\" content=\"Assessorament - Prof Facility\" \/>\n<meta property=\"og:description\" content=\"Sol\u00b7liciteu Assessorament Descriviu el vostre projecte i us assessorarem de la millor manera basat en les vostres necessitats Comptem amb una \u00e0mplia xarxa de professionals distribu\u00efts estrat\u00e8gicament per poder obtenir un temps d&#8217;acci\u00f3 r\u00e0pid i oferir una soluci\u00f3 efectiva. SI HO PREFEREIX POT ENVIAR-NOS UN E-MAIL info@proffacility.es Formulari de sol\u00b7licitud Cras a elit sit amet [&hellip;]\" \/>\n<meta property=\"og:url\" content=\"https:\/\/proffacility.es\/ca\/assessorament\/\" \/>\n<meta property=\"og:site_name\" content=\"Prof Facility\" \/>\n<meta property=\"article:modified_time\" content=\"2025-01-29T14:32:49+00:00\" \/>\n<meta name=\"twitter:card\" content=\"summary_large_image\" \/>\n<meta name=\"twitter:label1\" content=\"Temps estimat de lectura\" \/>\n\t<meta name=\"twitter:data1\" content=\"1 minut\" \/>\n<script type=\"application\/ld+json\" class=\"yoast-schema-graph\">{\"@context\":\"https:\/\/schema.org\",\"@graph\":[{\"@type\":\"WebPage\",\"@id\":\"https:\/\/proffacility.es\/ca\/assessorament\/\",\"url\":\"https:\/\/proffacility.es\/ca\/assessorament\/\",\"name\":\"Assessorament - Prof Facility\",\"isPartOf\":{\"@id\":\"https:\/\/proffacility.es\/#website\"},\"datePublished\":\"2024-11-14T12:03:05+00:00\",\"dateModified\":\"2025-01-29T14:32:49+00:00\",\"breadcrumb\":{\"@id\":\"https:\/\/proffacility.es\/ca\/assessorament\/#breadcrumb\"},\"inLanguage\":\"ca\",\"potentialAction\":[{\"@type\":\"ReadAction\",\"target\":[\"https:\/\/proffacility.es\/ca\/assessorament\/\"]}]},{\"@type\":\"BreadcrumbList\",\"@id\":\"https:\/\/proffacility.es\/ca\/assessorament\/#breadcrumb\",\"itemListElement\":[{\"@type\":\"ListItem\",\"position\":1,\"name\":\"Portada\",\"item\":\"https:\/\/proffacility.es\/ca\/home\/\"},{\"@type\":\"ListItem\",\"position\":2,\"name\":\"Assessorament\"}]},{\"@type\":\"WebSite\",\"@id\":\"https:\/\/proffacility.es\/#website\",\"url\":\"https:\/\/proffacility.es\/\",\"name\":\"Prof Facility\",\"description\":\"\",\"publisher\":{\"@id\":\"https:\/\/proffacility.es\/#organization\"},\"potentialAction\":[{\"@type\":\"SearchAction\",\"target\":{\"@type\":\"EntryPoint\",\"urlTemplate\":\"https:\/\/proffacility.es\/?s={search_term_string}\"},\"query-input\":{\"@type\":\"PropertyValueSpecification\",\"valueRequired\":true,\"valueName\":\"search_term_string\"}}],\"inLanguage\":\"ca\"},{\"@type\":\"Organization\",\"@id\":\"https:\/\/proffacility.es\/#organization\",\"name\":\"Prof Facility\",\"url\":\"https:\/\/proffacility.es\/\",\"logo\":{\"@type\":\"ImageObject\",\"inLanguage\":\"ca\",\"@id\":\"https:\/\/proffacility.es\/#\/schema\/logo\/image\/\",\"url\":\"https:\/\/proffacility.es\/wp-content\/uploads\/2024\/11\/prof-facility-logo.png\",\"contentUrl\":\"https:\/\/proffacility.es\/wp-content\/uploads\/2024\/11\/prof-facility-logo.png\",\"width\":268,\"height\":64,\"caption\":\"Prof Facility\"},\"image\":{\"@id\":\"https:\/\/proffacility.es\/#\/schema\/logo\/image\/\"}}]}<\/script>\n<!-- \/ Yoast SEO plugin. -->","yoast_head_json":{"title":"Assessorament - Prof Facility","robots":{"index":"index","follow":"follow","max-snippet":"max-snippet:-1","max-image-preview":"max-image-preview:large","max-video-preview":"max-video-preview:-1"},"canonical":"https:\/\/proffacility.es\/ca\/assessorament\/","og_locale":"ca_ES","og_type":"article","og_title":"Assessorament - Prof Facility","og_description":"Sol\u00b7liciteu Assessorament Descriviu el vostre projecte i us assessorarem de la millor manera basat en les vostres necessitats Comptem amb una \u00e0mplia xarxa de professionals distribu\u00efts estrat\u00e8gicament per poder obtenir un temps d&#8217;acci\u00f3 r\u00e0pid i oferir una soluci\u00f3 efectiva. SI HO PREFEREIX POT ENVIAR-NOS UN E-MAIL info@proffacility.es Formulari de sol\u00b7licitud Cras a elit sit amet [&hellip;]","og_url":"https:\/\/proffacility.es\/ca\/assessorament\/","og_site_name":"Prof Facility","article_modified_time":"2025-01-29T14:32:49+00:00","twitter_card":"summary_large_image","twitter_misc":{"Temps estimat de lectura":"1 minut"},"schema":{"@context":"https:\/\/schema.org","@graph":[{"@type":"WebPage","@id":"https:\/\/proffacility.es\/ca\/assessorament\/","url":"https:\/\/proffacility.es\/ca\/assessorament\/","name":"Assessorament - Prof Facility","isPartOf":{"@id":"https:\/\/proffacility.es\/#website"},"datePublished":"2024-11-14T12:03:05+00:00","dateModified":"2025-01-29T14:32:49+00:00","breadcrumb":{"@id":"https:\/\/proffacility.es\/ca\/assessorament\/#breadcrumb"},"inLanguage":"ca","potentialAction":[{"@type":"ReadAction","target":["https:\/\/proffacility.es\/ca\/assessorament\/"]}]},{"@type":"BreadcrumbList","@id":"https:\/\/proffacility.es\/ca\/assessorament\/#breadcrumb","itemListElement":[{"@type":"ListItem","position":1,"name":"Portada","item":"https:\/\/proffacility.es\/ca\/home\/"},{"@type":"ListItem","position":2,"name":"Assessorament"}]},{"@type":"WebSite","@id":"https:\/\/proffacility.es\/#website","url":"https:\/\/proffacility.es\/","name":"Prof Facility","description":"","publisher":{"@id":"https:\/\/proffacility.es\/#organization"},"potentialAction":[{"@type":"SearchAction","target":{"@type":"EntryPoint","urlTemplate":"https:\/\/proffacility.es\/?s={search_term_string}"},"query-input":{"@type":"PropertyValueSpecification","valueRequired":true,"valueName":"search_term_string"}}],"inLanguage":"ca"},{"@type":"Organization","@id":"https:\/\/proffacility.es\/#organization","name":"Prof Facility","url":"https:\/\/proffacility.es\/","logo":{"@type":"ImageObject","inLanguage":"ca","@id":"https:\/\/proffacility.es\/#\/schema\/logo\/image\/","url":"https:\/\/proffacility.es\/wp-content\/uploads\/2024\/11\/prof-facility-logo.png","contentUrl":"https:\/\/proffacility.es\/wp-content\/uploads\/2024\/11\/prof-facility-logo.png","width":268,"height":64,"caption":"Prof Facility"},"image":{"@id":"https:\/\/proffacility.es\/#\/schema\/logo\/image\/"}}]}},"_links":{"self":[{"href":"https:\/\/proffacility.es\/ca\/wp-json\/wp\/v2\/pages\/3266","targetHints":{"allow":["GET"]}}],"collection":[{"href":"https:\/\/proffacility.es\/ca\/wp-json\/wp\/v2\/pages"}],"about":[{"href":"https:\/\/proffacility.es\/ca\/wp-json\/wp\/v2\/types\/page"}],"author":[{"embeddable":true,"href":"https:\/\/proffacility.es\/ca\/wp-json\/wp\/v2\/users\/1"}],"replies":[{"embeddable":true,"href":"https:\/\/proffacility.es\/ca\/wp-json\/wp\/v2\/comments?post=3266"}],"version-history":[{"count":1,"href":"https:\/\/proffacility.es\/ca\/wp-json\/wp\/v2\/pages\/3266\/revisions"}],"predecessor-version":[{"id":3267,"href":"https:\/\/proffacility.es\/ca\/wp-json\/wp\/v2\/pages\/3266\/revisions\/3267"}],"wp:attachment":[{"href":"https:\/\/proffacility.es\/ca\/wp-json\/wp\/v2\/media?parent=3266"}],"curies":[{"name":"wp","href":"https:\/\/api.w.org\/{rel}","templated":true}]}}